{"id":15,"date":"2020-07-08T19:01:47","date_gmt":"2020-07-08T19:01:47","guid":{"rendered":"https:\/\/www.aitools.eu\/?page_id=15"},"modified":"2022-03-11T08:24:53","modified_gmt":"2022-03-11T08:24:53","slug":"products","status":"publish","type":"page","link":"https:\/\/www.aitools.eu\/?page_id=15","title":{"rendered":"Doradztwo"},"content":{"rendered":"\n<p>Nasi eksperci przygotuj\u0105 dla Ciebie profesjonalne us\u0142ugi doradcze w nakierowaniu na pe\u0142ne wsparcie Twojego pomys\u0142u technologicznego.<\/p>\n\n\n\n<p>W naszej ofercie znajdziesz m.in.:<\/p>\n\n\n\n<ul class=\"wp-block-list\"><li>przygotowanie audytu wzorniczego i technologicznego<\/li><li>rozpoznanie otoczenia rynkowego i konkurencji pod k\u0105tem wykorzystywanych technologii<\/li><li>przygotowanie strategii opracowania nowej technologii<\/li><li>sporz\u0105dzenie raport\u00f3w z prototypowania i testowania technologii<\/li><li>doradztwo w zakresie wdro\u017cenia nowej technologii<\/li><li>wyznaczenie kierunk\u00f3w rozwoju technologii<\/li><li>przygotowanie strategii ulepszenia obszar\u00f3w dzia\u0142alno\u015bci pod k\u0105tem wdra\u017canej technologii<\/li><\/ul>\n\n\n\n<p><strong>Masz inne potrzeby dotycz\u0105ce specjalistycznego doradztwa technologicznego? Skontaktuj si\u0119 z nami, a wsp\u00f3lnie ustalimy, jak mo\u017cemy Ci pom\u00f3c!<\/strong><\/p>\n\n\n\n<div class=\"wp-block-image\"><figure class=\"aligncenter size-large\"><img loading=\"lazy\" decoding=\"async\" width=\"1024\" height=\"684\" src=\"https:\/\/www.aitools.eu\/wp-content\/uploads\/2022\/03\/image-4-1024x684.png\" alt=\"\" class=\"wp-image-92\" srcset=\"https:\/\/www.aitools.eu\/wp-content\/uploads\/2022\/03\/image-4-1024x684.png 1024w, https:\/\/www.aitools.eu\/wp-content\/uploads\/2022\/03\/image-4-300x200.png 300w, https:\/\/www.aitools.eu\/wp-content\/uploads\/2022\/03\/image-4-768x513.png 768w, https:\/\/www.aitools.eu\/wp-content\/uploads\/2022\/03\/image-4.png 1137w\" sizes=\"auto, (max-width: 1024px) 100vw, 1024px\" \/><\/figure><\/div>\n","protected":false},"excerpt":{"rendered":"<p>Nasi eksperci przygotuj\u0105 dla Ciebie profesjonalne us\u0142ugi doradcze w nakierowaniu na pe\u0142ne wsparcie Twojego pomys\u0142u technologicznego. W naszej ofercie znajdziesz m.in.: przygotowanie audytu wzorniczego i technologicznego rozpoznanie otoczenia rynkowego i konkurencji pod k\u0105tem wykorzystywanych technologii przygotowanie strategii opracowania nowej technologii sporz\u0105dzenie raport\u00f3w z prototypowania i testowania technologii doradztwo w zakresie wdro\u017cenia nowej technologii wyznaczenie kierunk\u00f3w [&hellip;]<\/p>\n","protected":false},"author":2,"featured_media":0,"parent":0,"menu_order":0,"comment_status":"closed","ping_status":"closed","template":"","meta":{"footnotes":""},"class_list":["post-15","page","type-page","status-publish","hentry"],"_links":{"self":[{"href":"https:\/\/www.aitools.eu\/index.php?rest_route=\/wp\/v2\/pages\/15","targetHints":{"allow":["GET"]}}],"collection":[{"href":"https:\/\/www.aitools.eu\/index.php?rest_route=\/wp\/v2\/pages"}],"about":[{"href":"https:\/\/www.aitools.eu\/index.php?rest_route=\/wp\/v2\/types\/page"}],"author":[{"embeddable":true,"href":"https:\/\/www.aitools.eu\/index.php?rest_route=\/wp\/v2\/users\/2"}],"replies":[{"embeddable":true,"href":"https:\/\/www.aitools.eu\/index.php?rest_route=%2Fwp%2Fv2%2Fcomments&post=15"}],"version-history":[{"count":3,"href":"https:\/\/www.aitools.eu\/index.php?rest_route=\/wp\/v2\/pages\/15\/revisions"}],"predecessor-version":[{"id":94,"href":"https:\/\/www.aitools.eu\/index.php?rest_route=\/wp\/v2\/pages\/15\/revisions\/94"}],"wp:attachment":[{"href":"https:\/\/www.aitools.eu\/index.php?rest_route=%2Fwp%2Fv2%2Fmedia&parent=15"}],"curies":[{"name":"wp","href":"https:\/\/api.w.org\/{rel}","templated":true}]}}