{"id":21,"date":"2020-07-08T19:40:47","date_gmt":"2020-07-08T19:40:47","guid":{"rendered":"https:\/\/www.aitools.eu\/?page_id=21"},"modified":"2022-03-11T13:42:22","modified_gmt":"2022-03-11T13:42:22","slug":"innovation","status":"publish","type":"page","link":"https:\/\/www.aitools.eu\/?page_id=21","title":{"rendered":"Software House"},"content":{"rendered":"\n<p>Masz pomys\u0142 na nowe oprogramowanie, ale potrzebujesz wsparcia ekspert\u00f3w we w\u0142a\u015bciwym jego opracowaniu? Razem z nami bez problemu stworzysz kompletne oprogramowanie, w tym aplikacje biznesowe czy z\u0142o\u017cone systemy informatyczne.<\/p>\n\n\n\n<p>Proponujemy Ci zar\u00f3wno wykorzystanie narz\u0119dzi Open Source, jak i wiod\u0105cych platform chmurowych. Razem z nami mo\u017cesz skorzysta\u0107 w swoim rozwi\u0105zaniu z zalet:<\/p>\n\n\n\n<ul class=\"wp-block-list\"><li>Sztucznej Inteligencji: AI architect, AI in business, AI deployment<\/li><li>Uczenia Maszynowego: Machine Learning deployment, ML in business<\/li><\/ul>\n\n\n\n<p>W zakresie naszego wsparcia w opracowaniu oprogramowania znale\u017a\u0107 mo\u017cesz:<\/p>\n\n\n\n<ul class=\"wp-block-list\"><li>napisanie i wdro\u017cenie gotowego software\u2019u<\/li><li>przeprowadzenie prototypowania i testowania rozwi\u0105zania<\/li><li>pomoc i kontrol\u0119 na ka\u017cdym etapie produkcji oraz wdro\u017cenia rozwi\u0105za\u0144 informatycznych<\/li><li>analiz\u0119 biznesowo-techniczn\u0105<\/li><li>zdefiniowanie wymaga\u0144 funkcjonalnych i niefunkcjonalnych<\/li><li>docelow\u0105 produkcj\u0119 oprogramowania i dostarczenie sprz\u0119tu wdro\u017ceniowego<\/li><li>integracj\u0119 z zewn\u0119trznymi i wewn\u0119trznymi systemami<\/li><\/ul>\n\n\n\n<p>Nasze oryginalne, jako\u015bciowe technologie, tworzone w pe\u0142ni w\u0142a\u015bnie pod Ciebie, pozwol\u0105 Ci na osi\u0105gni\u0119cie efekt\u00f3w, takich jak:<\/p>\n\n\n\n<ul class=\"wp-block-list\"><li>analiza efektywno\u015bci proces\u00f3w biznesowych<\/li><li>usprawnienie biznesu<\/li><li>lepsze zarz\u0105dzanie zespo\u0142em<\/li><li>rozw\u00f3j kana\u0142\u00f3w dotarcia do klienta<\/li><li>automatyzacja proces\u00f3w<\/li><li>tworzenie prognoz sprzeda\u017cowych<\/li><li>optymalizacja koszt\u00f3w<\/li><li>wspomaganie maszynowe podejmowanych decyzji biznesowych<\/li><\/ul>\n\n\n\n<p>Proponujemy Ci us\u0142ugi w pe\u0142ni zgodne z ustalonym przez Ciebie harmonogramem oraz bud\u017cetem.<\/p>\n\n\n\n<p><strong>Powiedz nam, co pragniesz ulepszy\u0107, a my damy Ci rozwi\u0105zanie.<\/strong><\/p>\n\n\n\n<div class=\"wp-block-image\"><figure class=\"aligncenter size-large\"><img loading=\"lazy\" decoding=\"async\" width=\"1024\" height=\"614\" src=\"https:\/\/www.aitools.eu\/wp-content\/uploads\/2022\/03\/image-6-1024x614.png\" alt=\"\" class=\"wp-image-96\" srcset=\"https:\/\/www.aitools.eu\/wp-content\/uploads\/2022\/03\/image-6-1024x614.png 1024w, https:\/\/www.aitools.eu\/wp-content\/uploads\/2022\/03\/image-6-300x180.png 300w, https:\/\/www.aitools.eu\/wp-content\/uploads\/2022\/03\/image-6-768x461.png 768w, https:\/\/www.aitools.eu\/wp-content\/uploads\/2022\/03\/image-6.png 1137w\" sizes=\"auto, (max-width: 1024px) 100vw, 1024px\" \/><\/figure><\/div>\n","protected":false},"excerpt":{"rendered":"<p>Masz pomys\u0142 na nowe oprogramowanie, ale potrzebujesz wsparcia ekspert\u00f3w we w\u0142a\u015bciwym jego opracowaniu? Razem z nami bez problemu stworzysz kompletne oprogramowanie, w tym aplikacje biznesowe czy z\u0142o\u017cone systemy informatyczne. Proponujemy Ci zar\u00f3wno wykorzystanie narz\u0119dzi Open Source, jak i wiod\u0105cych platform chmurowych. Razem z nami mo\u017cesz skorzysta\u0107 w swoim rozwi\u0105zaniu z zalet: Sztucznej Inteligencji: AI architect, [&hellip;]<\/p>\n","protected":false},"author":2,"featured_media":0,"parent":0,"menu_order":0,"comment_status":"closed","ping_status":"closed","template":"","meta":{"footnotes":""},"class_list":["post-21","page","type-page","status-publish","hentry"],"_links":{"self":[{"href":"https:\/\/www.aitools.eu\/index.php?rest_route=\/wp\/v2\/pages\/21","targetHints":{"allow":["GET"]}}],"collection":[{"href":"https:\/\/www.aitools.eu\/index.php?rest_route=\/wp\/v2\/pages"}],"about":[{"href":"https:\/\/www.aitools.eu\/index.php?rest_route=\/wp\/v2\/types\/page"}],"author":[{"embeddable":true,"href":"https:\/\/www.aitools.eu\/index.php?rest_route=\/wp\/v2\/users\/2"}],"replies":[{"embeddable":true,"href":"https:\/\/www.aitools.eu\/index.php?rest_route=%2Fwp%2Fv2%2Fcomments&post=21"}],"version-history":[{"count":7,"href":"https:\/\/www.aitools.eu\/index.php?rest_route=\/wp\/v2\/pages\/21\/revisions"}],"predecessor-version":[{"id":123,"href":"https:\/\/www.aitools.eu\/index.php?rest_route=\/wp\/v2\/pages\/21\/revisions\/123"}],"wp:attachment":[{"href":"https:\/\/www.aitools.eu\/index.php?rest_route=%2Fwp%2Fv2%2Fmedia&parent=21"}],"curies":[{"name":"wp","href":"https:\/\/api.w.org\/{rel}","templated":true}]}}