{"id":23,"date":"2020-07-08T19:40:47","date_gmt":"2020-07-08T19:40:47","guid":{"rendered":"https:\/\/www.aitools.eu\/?page_id=23"},"modified":"2022-03-11T13:41:40","modified_gmt":"2022-03-11T13:41:40","slug":"services","status":"publish","type":"page","link":"https:\/\/www.aitools.eu\/?page_id=23","title":{"rendered":"Design"},"content":{"rendered":"\n<p>W celu dope\u0142nienia tworzonych w ramach wsp\u00f3\u0142pracy rozwi\u0105za\u0144 technologicznych proponujemy te\u017c zaawansowany design kreowanych aplikacji i system\u00f3w. W tym zakresie oferujemy:<\/p>\n\n\n\n<ul class=\"wp-block-list\"><li>przeprowadzenie audytu wzorniczego<\/li><li>przygotowanie projektu wzorniczego<\/li><li>zaplanowanie personalizacji widoku stron<\/li><li>opracowanie rozwi\u0105za\u0144 Design+ (zwi\u0119kszonej dost\u0119pno\u015bci)<\/li><li>prototypowanie nastawione na testowanie rozwi\u0105za\u0144 wzorniczych<\/li><li>przygotowanie raport\u00f3w wzorniczych i dokumentacji projektowych<\/li><\/ul>\n\n\n\n<p><strong>Masz inne potrzeby w kontek\u015bcie designu rozwi\u0105za\u0144 technologicznych? Nasz zesp\u00f3\u0142 jest tu po to, by je zape\u0142ni\u0107.<\/strong><\/p>\n\n\n\n<div class=\"wp-block-image\"><figure class=\"aligncenter size-large\"><img loading=\"lazy\" decoding=\"async\" width=\"1024\" height=\"683\" src=\"https:\/\/www.aitools.eu\/wp-content\/uploads\/2022\/03\/image-7-1024x683.png\" alt=\"\" class=\"wp-image-105\" srcset=\"https:\/\/www.aitools.eu\/wp-content\/uploads\/2022\/03\/image-7-1024x683.png 1024w, https:\/\/www.aitools.eu\/wp-content\/uploads\/2022\/03\/image-7-300x200.png 300w, https:\/\/www.aitools.eu\/wp-content\/uploads\/2022\/03\/image-7-768x512.png 768w, https:\/\/www.aitools.eu\/wp-content\/uploads\/2022\/03\/image-7.png 1137w\" sizes=\"auto, (max-width: 1024px) 100vw, 1024px\" \/><\/figure><\/div>\n","protected":false},"excerpt":{"rendered":"<p>W celu dope\u0142nienia tworzonych w ramach wsp\u00f3\u0142pracy rozwi\u0105za\u0144 technologicznych proponujemy te\u017c zaawansowany design kreowanych aplikacji i system\u00f3w. W tym zakresie oferujemy: przeprowadzenie audytu wzorniczego przygotowanie projektu wzorniczego zaplanowanie personalizacji widoku stron opracowanie rozwi\u0105za\u0144 Design+ (zwi\u0119kszonej dost\u0119pno\u015bci) prototypowanie nastawione na testowanie rozwi\u0105za\u0144 wzorniczych przygotowanie raport\u00f3w wzorniczych i dokumentacji projektowych Masz inne potrzeby w kontek\u015bcie designu rozwi\u0105za\u0144 [&hellip;]<\/p>\n","protected":false},"author":2,"featured_media":0,"parent":0,"menu_order":0,"comment_status":"closed","ping_status":"closed","template":"","meta":{"footnotes":""},"class_list":["post-23","page","type-page","status-publish","hentry"],"_links":{"self":[{"href":"https:\/\/www.aitools.eu\/index.php?rest_route=\/wp\/v2\/pages\/23","targetHints":{"allow":["GET"]}}],"collection":[{"href":"https:\/\/www.aitools.eu\/index.php?rest_route=\/wp\/v2\/pages"}],"about":[{"href":"https:\/\/www.aitools.eu\/index.php?rest_route=\/wp\/v2\/types\/page"}],"author":[{"embeddable":true,"href":"https:\/\/www.aitools.eu\/index.php?rest_route=\/wp\/v2\/users\/2"}],"replies":[{"embeddable":true,"href":"https:\/\/www.aitools.eu\/index.php?rest_route=%2Fwp%2Fv2%2Fcomments&post=23"}],"version-history":[{"count":5,"href":"https:\/\/www.aitools.eu\/index.php?rest_route=\/wp\/v2\/pages\/23\/revisions"}],"predecessor-version":[{"id":64,"href":"https:\/\/www.aitools.eu\/index.php?rest_route=\/wp\/v2\/pages\/23\/revisions\/64"}],"wp:attachment":[{"href":"https:\/\/www.aitools.eu\/index.php?rest_route=%2Fwp%2Fv2%2Fmedia&parent=23"}],"curies":[{"name":"wp","href":"https:\/\/api.w.org\/{rel}","templated":true}]}}