{"id":24,"date":"2020-07-08T19:40:47","date_gmt":"2020-07-08T19:40:47","guid":{"rendered":"https:\/\/www.aitools.eu\/?page_id=24"},"modified":"2022-03-11T13:43:51","modified_gmt":"2022-03-11T13:43:51","slug":"industries","status":"publish","type":"page","link":"https:\/\/www.aitools.eu\/?page_id=24","title":{"rendered":"Opracowanie Technologii"},"content":{"rendered":"\n<p>Nasz zesp\u00f3\u0142 oferuje kompleksowe us\u0142ugi opracowania technologii w nakierowaniu na rozw\u00f3j Twojej dzia\u0142alno\u015bci w sferze cyfrowej. Tworzymy zintegrowanie, funkcjonalne systemy, aplikacje, projektujemy procesy, organizujemy optymalizacje i dostarczamy narz\u0119dzia usprawniaj\u0105ce.<\/p>\n\n\n\n<p class=\"has-medium-font-size\">Dlaczego warto wybra\u0107 w\u0142a\u015bnie nas?<\/p>\n\n\n\n<p class=\"has-medium-font-size\"><strong>Sp\u00f3jno\u015b\u0107<\/strong><\/p>\n\n\n\n<p>Jeste\u015bmy skoncentrowani na ustalonym celu i dbamy o zgodno\u015b\u0107 wszystkich wykorzystywanych przez Ciebie rozwi\u0105za\u0144.<\/p>\n\n\n\n<p class=\"has-medium-font-size\"><strong>Kompleksowo\u015b\u0107<\/strong><\/p>\n\n\n\n<p>Dzia\u0142amy w ka\u017cdym wymiarze Twojej dzia\u0142alno\u015bci. Odpowiadamy technologi\u0105 wsz\u0119dzie tam, gdzie jest to potrzebne.<\/p>\n\n\n\n<p class=\"has-medium-font-size\"><strong>Elastyczno\u015b\u0107<\/strong><\/p>\n\n\n\n<p>Jeste\u015bmy elastyczni wzgl\u0119dem Twoich potrzeb i oczekiwa\u0144.<\/p>\n\n\n\n<p class=\"has-medium-font-size\"><strong>Innowacyjno\u015b\u0107<\/strong><\/p>\n\n\n\n<p>Nasze rozwi\u0105zania charakteryzuje \u015bwie\u017co\u015b\u0107 i oryginalno\u015b\u0107 podej\u015bcia.<\/p>\n\n\n\n<p class=\"has-medium-font-size\"><strong>Dost\u0119pno\u015b\u0107<\/strong><\/p>\n\n\n\n<p>Tworzymy tak, aby\u015b m\u00f3g\u0142 w pe\u0142ni korzysta\u0107 z naszych technologii, intuicyjnie i optymalnie.<\/p>\n\n\n\n<p> <\/p>\n\n\n\n<p>Skontaktuj si\u0119 z nami, a wsp\u00f3lnie przeanalizujemy, jakie rozwi\u0105zanie b\u0119dzie najlepsze w\u0142a\u015bnie dla Ciebie!<\/p>\n\n\n\n<p><strong>Podejmij dzia\u0142anie i ulepsz z nami to, co tylko da si\u0119 ulepszy\u0107.<\/strong><\/p>\n\n\n\n<div class=\"wp-block-image\"><figure class=\"aligncenter size-large\"><img loading=\"lazy\" decoding=\"async\" width=\"1024\" height=\"575\" src=\"https:\/\/www.aitools.eu\/wp-content\/uploads\/2022\/03\/image-8-1024x575.png\" alt=\"\" class=\"wp-image-111\" srcset=\"https:\/\/www.aitools.eu\/wp-content\/uploads\/2022\/03\/image-8-1024x575.png 1024w, https:\/\/www.aitools.eu\/wp-content\/uploads\/2022\/03\/image-8-300x169.png 300w, https:\/\/www.aitools.eu\/wp-content\/uploads\/2022\/03\/image-8-768x432.png 768w, https:\/\/www.aitools.eu\/wp-content\/uploads\/2022\/03\/image-8.png 1137w\" sizes=\"auto, (max-width: 1024px) 100vw, 1024px\" \/><\/figure><\/div>\n","protected":false},"excerpt":{"rendered":"<p>Nasz zesp\u00f3\u0142 oferuje kompleksowe us\u0142ugi opracowania technologii w nakierowaniu na rozw\u00f3j Twojej dzia\u0142alno\u015bci w sferze cyfrowej. Tworzymy zintegrowanie, funkcjonalne systemy, aplikacje, projektujemy procesy, organizujemy optymalizacje i dostarczamy narz\u0119dzia usprawniaj\u0105ce. Dlaczego warto wybra\u0107 w\u0142a\u015bnie nas? Sp\u00f3jno\u015b\u0107 Jeste\u015bmy skoncentrowani na ustalonym celu i dbamy o zgodno\u015b\u0107 wszystkich wykorzystywanych przez Ciebie rozwi\u0105za\u0144. Kompleksowo\u015b\u0107 Dzia\u0142amy w ka\u017cdym wymiarze Twojej [&hellip;]<\/p>\n","protected":false},"author":2,"featured_media":0,"parent":0,"menu_order":0,"comment_status":"closed","ping_status":"closed","template":"","meta":{"footnotes":""},"class_list":["post-24","page","type-page","status-publish","hentry"],"_links":{"self":[{"href":"https:\/\/www.aitools.eu\/index.php?rest_route=\/wp\/v2\/pages\/24","targetHints":{"allow":["GET"]}}],"collection":[{"href":"https:\/\/www.aitools.eu\/index.php?rest_route=\/wp\/v2\/pages"}],"about":[{"href":"https:\/\/www.aitools.eu\/index.php?rest_route=\/wp\/v2\/types\/page"}],"author":[{"embeddable":true,"href":"https:\/\/www.aitools.eu\/index.php?rest_route=\/wp\/v2\/users\/2"}],"replies":[{"embeddable":true,"href":"https:\/\/www.aitools.eu\/index.php?rest_route=%2Fwp%2Fv2%2Fcomments&post=24"}],"version-history":[{"count":5,"href":"https:\/\/www.aitools.eu\/index.php?rest_route=\/wp\/v2\/pages\/24\/revisions"}],"predecessor-version":[{"id":125,"href":"https:\/\/www.aitools.eu\/index.php?rest_route=\/wp\/v2\/pages\/24\/revisions\/125"}],"wp:attachment":[{"href":"https:\/\/www.aitools.eu\/index.php?rest_route=%2Fwp%2Fv2%2Fmedia&parent=24"}],"curies":[{"name":"wp","href":"https:\/\/api.w.org\/{rel}","templated":true}]}}