{"id":58,"date":"2020-07-08T20:20:19","date_gmt":"2020-07-08T20:20:19","guid":{"rendered":"https:\/\/www.aitools.eu\/?page_id=58"},"modified":"2022-03-11T11:14:53","modified_gmt":"2022-03-11T11:14:53","slug":"mission","status":"publish","type":"page","link":"https:\/\/www.aitools.eu\/","title":{"rendered":"Firma"},"content":{"rendered":"\n<p>Jeste\u015bmy partnerem biznesowym, kt\u00f3ry pomo\u017ce Ci w kompleksowym tworzeniu innowacyjnych, zaawansowanych rozwi\u0105za\u0144 technologicznych. Nasz zesp\u00f3\u0142 ekspert\u00f3w jest gotowy, aby udzieli\u0107 Ci pe\u0142ne wsparcie zar\u00f3wno w zakresie doradztwa, projektowania, jak i tworzenia docelowych rozwi\u0105za\u0144 software\u2019owych. Nasz\u0105 specjalno\u015bci\u0105 s\u0105 rozwi\u0105zania tzw. \u201eszyte na miar\u0119\u201d, kt\u00f3re odpowiadaj\u0105 \u015bci\u015ble na Twoje potrzeby i w ka\u017cdym szczeg\u00f3le dopasowuj\u0105 si\u0119 w\u0142a\u015bnie do Ciebie.<\/p>\n\n\n\n<p><strong>Ch\u0119tnie podejmiemy ka\u017cde wyzwanie technologiczne, kt\u00f3re nam postawisz, w nakierowaniu na najwy\u017csz\u0105 efektywno\u015b\u0107 dzia\u0142ania.<\/strong><\/p>\n\n\n\n<p>Zapoznaj si\u0119 z nasz\u0105 ofert\u0105.<\/p>\n\n\n\n<div class=\"wp-block-image is-style-default\"><figure class=\"aligncenter size-large\"><img loading=\"lazy\" decoding=\"async\" width=\"1024\" height=\"683\" src=\"https:\/\/www.aitools.eu\/wp-content\/uploads\/2022\/03\/image-1-1024x683.png\" alt=\"\" class=\"wp-image-75\" srcset=\"https:\/\/www.aitools.eu\/wp-content\/uploads\/2022\/03\/image-1-1024x683.png 1024w, https:\/\/www.aitools.eu\/wp-content\/uploads\/2022\/03\/image-1-300x200.png 300w, https:\/\/www.aitools.eu\/wp-content\/uploads\/2022\/03\/image-1-768x512.png 768w, https:\/\/www.aitools.eu\/wp-content\/uploads\/2022\/03\/image-1.png 1137w\" sizes=\"auto, (max-width: 1024px) 100vw, 1024px\" \/><\/figure><\/div>\n\n\n\n<p><\/p>\n","protected":false},"excerpt":{"rendered":"<p>Jeste\u015bmy partnerem biznesowym, kt\u00f3ry pomo\u017ce Ci w kompleksowym tworzeniu innowacyjnych, zaawansowanych rozwi\u0105za\u0144 technologicznych. Nasz zesp\u00f3\u0142 ekspert\u00f3w jest gotowy, aby udzieli\u0107 Ci pe\u0142ne wsparcie zar\u00f3wno w zakresie doradztwa, projektowania, jak i tworzenia docelowych rozwi\u0105za\u0144 software\u2019owych. Nasz\u0105 specjalno\u015bci\u0105 s\u0105 rozwi\u0105zania tzw. \u201eszyte na miar\u0119\u201d, kt\u00f3re odpowiadaj\u0105 \u015bci\u015ble na Twoje potrzeby i w ka\u017cdym szczeg\u00f3le dopasowuj\u0105 si\u0119 w\u0142a\u015bnie [&hellip;]<\/p>\n","protected":false},"author":2,"featured_media":0,"parent":0,"menu_order":0,"comment_status":"closed","ping_status":"closed","template":"","meta":{"footnotes":""},"class_list":["post-58","page","type-page","status-publish","hentry"],"_links":{"self":[{"href":"https:\/\/www.aitools.eu\/index.php?rest_route=\/wp\/v2\/pages\/58","targetHints":{"allow":["GET"]}}],"collection":[{"href":"https:\/\/www.aitools.eu\/index.php?rest_route=\/wp\/v2\/pages"}],"about":[{"href":"https:\/\/www.aitools.eu\/index.php?rest_route=\/wp\/v2\/types\/page"}],"author":[{"embeddable":true,"href":"https:\/\/www.aitools.eu\/index.php?rest_route=\/wp\/v2\/users\/2"}],"replies":[{"embeddable":true,"href":"https:\/\/www.aitools.eu\/index.php?rest_route=%2Fwp%2Fv2%2Fcomments&post=58"}],"version-history":[{"count":5,"href":"https:\/\/www.aitools.eu\/index.php?rest_route=\/wp\/v2\/pages\/58\/revisions"}],"predecessor-version":[{"id":117,"href":"https:\/\/www.aitools.eu\/index.php?rest_route=\/wp\/v2\/pages\/58\/revisions\/117"}],"wp:attachment":[{"href":"https:\/\/www.aitools.eu\/index.php?rest_route=%2Fwp%2Fv2%2Fmedia&parent=58"}],"curies":[{"name":"wp","href":"https:\/\/api.w.org\/{rel}","templated":true}]}}