{"id":77,"date":"2022-03-10T16:51:58","date_gmt":"2022-03-10T16:51:58","guid":{"rendered":"https:\/\/www.aitools.eu\/?page_id=77"},"modified":"2022-03-11T13:35:37","modified_gmt":"2022-03-11T13:35:37","slug":"misja","status":"publish","type":"page","link":"https:\/\/www.aitools.eu\/?page_id=77","title":{"rendered":"Misja"},"content":{"rendered":"\n<p>Realizowan\u0105 przez nas misj\u0105 jest budowanie zgranych zespo\u0142\u00f3w z naszymi Klientami, aby w efekcie stworzy\u0107 kompletne, silnie konkurencyjne rozwi\u0105zanie technologiczne. Wspieramy naszych Klient\u00f3w na ka\u017cdym etapie wsp\u00f3\u0142pracy \u2013 \u015bwiadczymy us\u0142ugi doradztwa, wskazujemy narz\u0119dzia projektowania i tworzenia, zajmujemy si\u0119 budowaniem koncepcji produktu, jak i docelowym tworzeniem prototypu i testowaniem go. W efekcie oddajemy rozwi\u0105zanie w pe\u0142ni gotowe do komercjalizacji \/ wykorzystania w dzia\u0142alno\u015bci Klienta.<\/p>\n\n\n\n<p>W naszych procesach stawiamy przede wszystkim na sp\u00f3jno\u015b\u0107 dzia\u0142a\u0144 i nakierowanie na obrany cel. Przyk\u0142adamy wszelkie starania, aby tworzone rozwi\u0105zanie by\u0142o zgodne z wyobra\u017ceniami Klienta i pe\u0142ni\u0142o wyznaczone przez Niego funkcje. Dodatkowo nasz zesp\u00f3\u0142 z ch\u0119ci\u0105 zaproponuje ewentualne modyfikacje lub optymalizacje element\u00f3w pomys\u0142u Klienta w nakierowaniu na specjalistyczne wsparcie.<\/p>\n\n\n\n<p><strong>Dzi\u0119ki tej wsp\u00f3\u0142pracy razem b\u0119dziemy kreowa\u0107 wsp\u00f3\u0142czesny post\u0119p technologiczny. B\u0105d\u017a jego cz\u0119\u015bci\u0105!<\/strong><\/p>\n\n\n\n<p><\/p>\n\n\n\n<p><\/p>\n\n\n\n<blockquote class=\"wp-block-quote has-text-align-center is-style-large is-layout-flow wp-block-quote-is-layout-flow\"><p><em><span class=\"has-inline-color has-vivid-cyan-blue-color\">The science of today is the technology of tomorrow.<\/span><\/em><\/p><\/blockquote>\n\n\n\n<p class=\"has-text-color has-text-align-center has-small-font-size has-vivid-cyan-blue-color\">&#8211; Edward Teller                                                                                        <\/p>\n\n\n\n<div class=\"wp-block-image\"><figure class=\"aligncenter size-large\"><img loading=\"lazy\" decoding=\"async\" width=\"1024\" height=\"683\" src=\"https:\/\/www.aitools.eu\/wp-content\/uploads\/2022\/03\/image-3-1024x683.png\" alt=\"\" class=\"wp-image-88\" srcset=\"https:\/\/www.aitools.eu\/wp-content\/uploads\/2022\/03\/image-3-1024x683.png 1024w, https:\/\/www.aitools.eu\/wp-content\/uploads\/2022\/03\/image-3-300x200.png 300w, https:\/\/www.aitools.eu\/wp-content\/uploads\/2022\/03\/image-3-768x512.png 768w, https:\/\/www.aitools.eu\/wp-content\/uploads\/2022\/03\/image-3.png 1137w\" sizes=\"auto, (max-width: 1024px) 100vw, 1024px\" \/><\/figure><\/div>\n","protected":false},"excerpt":{"rendered":"<p>Realizowan\u0105 przez nas misj\u0105 jest budowanie zgranych zespo\u0142\u00f3w z naszymi Klientami, aby w efekcie stworzy\u0107 kompletne, silnie konkurencyjne rozwi\u0105zanie technologiczne. Wspieramy naszych Klient\u00f3w na ka\u017cdym etapie wsp\u00f3\u0142pracy \u2013 \u015bwiadczymy us\u0142ugi doradztwa, wskazujemy narz\u0119dzia projektowania i tworzenia, zajmujemy si\u0119 budowaniem koncepcji produktu, jak i docelowym tworzeniem prototypu i testowaniem go. W efekcie oddajemy rozwi\u0105zanie w pe\u0142ni [&hellip;]<\/p>\n","protected":false},"author":2,"featured_media":0,"parent":0,"menu_order":0,"comment_status":"closed","ping_status":"closed","template":"","meta":{"footnotes":""},"class_list":["post-77","page","type-page","status-publish","hentry"],"_links":{"self":[{"href":"https:\/\/www.aitools.eu\/index.php?rest_route=\/wp\/v2\/pages\/77","targetHints":{"allow":["GET"]}}],"collection":[{"href":"https:\/\/www.aitools.eu\/index.php?rest_route=\/wp\/v2\/pages"}],"about":[{"href":"https:\/\/www.aitools.eu\/index.php?rest_route=\/wp\/v2\/types\/page"}],"author":[{"embeddable":true,"href":"https:\/\/www.aitools.eu\/index.php?rest_route=\/wp\/v2\/users\/2"}],"replies":[{"embeddable":true,"href":"https:\/\/www.aitools.eu\/index.php?rest_route=%2Fwp%2Fv2%2Fcomments&post=77"}],"version-history":[{"count":7,"href":"https:\/\/www.aitools.eu\/index.php?rest_route=\/wp\/v2\/pages\/77\/revisions"}],"predecessor-version":[{"id":119,"href":"https:\/\/www.aitools.eu\/index.php?rest_route=\/wp\/v2\/pages\/77\/revisions\/119"}],"wp:attachment":[{"href":"https:\/\/www.aitools.eu\/index.php?rest_route=%2Fwp%2Fv2%2Fmedia&parent=77"}],"curies":[{"name":"wp","href":"https:\/\/api.w.org\/{rel}","templated":true}]}}